{"id":16556,"date":"2023-02-09T16:54:34","date_gmt":"2023-02-09T15:54:34","guid":{"rendered":"https:\/\/www.asmm.fr\/piano-class\/"},"modified":"2025-07-03T08:41:47","modified_gmt":"2025-07-03T06:41:47","slug":"piano-class","status":"publish","type":"page","link":"https:\/\/www.asmm.fr\/en\/piano-class\/","title":{"rendered":"Piano class"},"content":{"rendered":"\t\t<div data-elementor-type=\"wp-page\" data-elementor-id=\"16556\" class=\"elementor elementor-16556 elementor-11670\" data-elementor-post-type=\"page\">\n\t\t\t\t<div class=\"elementor-element elementor-element-2f29cc1 e-flex e-con-boxed e-con e-parent\" data-id=\"2f29cc1\" data-element_type=\"container\" data-e-type=\"container\">\n\t\t\t\t\t<div class=\"e-con-inner\">\n\t\t\t\t<div class=\"elementor-element elementor-element-1acd7ba elementor-widget elementor-widget-heading\" data-id=\"1acd7ba\" data-element_type=\"widget\" data-e-type=\"widget\" data-widget_type=\"heading.default\">\n\t\t\t\t<div class=\"elementor-widget-container\">\n\t\t\t\t\t<h1 class=\"elementor-heading-title elementor-size-default\">Piano <span class=\"fin\">class<\/span><span class=\"dl\">The ASMM Program<\/span><\/h1>\t\t\t\t<\/div>\n\t\t\t\t<\/div>\n\t\t\t\t\t<\/div>\n\t\t\t\t<\/div>\n\t\t<div class=\"elementor-element elementor-element-564457ed e-flex e-con-boxed e-con e-parent\" data-id=\"564457ed\" data-element_type=\"container\" data-e-type=\"container\">\n\t\t\t\t\t<div class=\"e-con-inner\">\n\t\t<div class=\"elementor-element elementor-element-3d5bf38a e-con-full e-flex e-con e-child\" data-id=\"3d5bf38a\" data-element_type=\"container\" data-e-type=\"container\">\n\t\t\t\t<div class=\"elementor-element elementor-element-658ff93 elementor-widget elementor-widget-heading\" data-id=\"658ff93\" data-element_type=\"widget\" data-e-type=\"widget\" data-widget_type=\"heading.default\">\n\t\t\t\t<div class=\"elementor-widget-container\">\n\t\t\t\t\t<h3 class=\"elementor-heading-title elementor-size-default\">Presentation<\/h3>\t\t\t\t<\/div>\n\t\t\t\t<\/div>\n\t\t\t\t<div class=\"elementor-element elementor-element-e924893 elementor-widget elementor-widget-text-editor\" data-id=\"e924893\" data-element_type=\"widget\" data-e-type=\"widget\" data-widget_type=\"text-editor.default\">\n\t\t\t\t<div class=\"elementor-widget-container\">\n\t\t\t\t\t\t\t\t\t<p>Group piano classes offer a shared space where the social dynamic of the group encourages individual progress in a friendly and supportive atmosphere.<\/p>\n<p>The American School offers three group piano classes:<\/p>\n<ul>\n<li>Piano for Non-Pianists (PNP)<\/li>\n<li>Group Piano \u2013 Level 1<\/li>\n<li>Group Piano \u2013 Level 2<\/li>\n<\/ul>\n\t\t\t\t\t\t\t\t<\/div>\n\t\t\t\t<\/div>\n\t\t\t\t<div class=\"elementor-element elementor-element-72931f9 elementor-widget elementor-widget-heading\" data-id=\"72931f9\" data-element_type=\"widget\" data-e-type=\"widget\" data-widget_type=\"heading.default\">\n\t\t\t\t<div class=\"elementor-widget-container\">\n\t\t\t\t\t<h3 class=\"elementor-heading-title elementor-size-default\">Piano for Non-Pianists \/ Beginners<\/h3>\t\t\t\t<\/div>\n\t\t\t\t<\/div>\n\t\t\t\t<div class=\"elementor-element elementor-element-4e10b2f elementor-widget elementor-widget-text-editor\" data-id=\"4e10b2f\" data-element_type=\"widget\" data-e-type=\"widget\" data-widget_type=\"text-editor.default\">\n\t\t\t\t<div class=\"elementor-widget-container\">\n\t\t\t\t\t\t\t\t\t<p>A class designed for non-pianist musicians, aimed at helping them acquire essential piano skills. The goal is to enable them to accompany themselves and use the piano in contexts such as composition, arrangement, and live performance. This course is also recommended for students in the professional program, to ensure a solid understanding of harmony and music production classes, where the keyboard plays a central role.<\/p>\n\t\t\t\t\t\t\t\t<\/div>\n\t\t\t\t<\/div>\n\t\t\t\t<div class=\"elementor-element elementor-element-a99d845 elementor-widget elementor-widget-heading\" data-id=\"a99d845\" data-element_type=\"widget\" data-e-type=\"widget\" data-widget_type=\"heading.default\">\n\t\t\t\t<div class=\"elementor-widget-container\">\n\t\t\t\t\t<h3 class=\"elementor-heading-title elementor-size-default\">Group Piano \u2013 Level 1<\/h3>\t\t\t\t<\/div>\n\t\t\t\t<\/div>\n\t\t\t\t<div class=\"elementor-element elementor-element-2fe2f93 elementor-widget elementor-widget-text-editor\" data-id=\"2fe2f93\" data-element_type=\"widget\" data-e-type=\"widget\" data-widget_type=\"text-editor.default\">\n\t\t\t\t<div class=\"elementor-widget-container\">\n\t\t\t\t\t\t\t\t\t<p>This course offers the opportunity to discover and work on a variety of pieces from contemporary, jazz, or pop repertoires.<\/p>\n<p><\/p>\n<p>You will learn to:<br \/>\n\u2022 <b>Develop accompaniment techniques<\/b> suited to different musical styles.<br \/>\n\u2022 Understand and apply the basic concepts of <b>harmony<\/b>.<br \/>\n\u2022 Explore the fundamental tools of <b>piano improvisation<\/b>.<br \/>\n\u2022 Deepen your musical knowledge through the study of <b>styles<\/b> and influential pianists.<\/p>\n<p><\/p>\n<p>This course is ideal for building a solid foundation in piano playing and preparing for group performance as part of the school\u2019s ensembles.<\/p>\n<p><\/p>\n<p>It is intended for pianists who already have some experience with the instrument but need to strengthen the basics of accompaniment, harmonization principles, and core improvisation skills.<\/p>\n\t\t\t\t\t\t\t\t<\/div>\n\t\t\t\t<\/div>\n\t\t\t\t<div class=\"elementor-element elementor-element-057e509 elementor-widget elementor-widget-heading\" data-id=\"057e509\" data-element_type=\"widget\" data-e-type=\"widget\" data-widget_type=\"heading.default\">\n\t\t\t\t<div class=\"elementor-widget-container\">\n\t\t\t\t\t<h3 class=\"elementor-heading-title elementor-size-default\">Group Piano \u2013 Level 2<\/h3>\t\t\t\t<\/div>\n\t\t\t\t<\/div>\n\t\t\t\t<div class=\"elementor-element elementor-element-7f67d82 elementor-widget elementor-widget-text-editor\" data-id=\"7f67d82\" data-element_type=\"widget\" data-e-type=\"widget\" data-widget_type=\"text-editor.default\">\n\t\t\t\t<div class=\"elementor-widget-container\">\n\t\t\t\t\t\t\t\t\t<p>This course is intended for musicians who have already acquired the basics of piano accompaniment and improvisation and who wish to deepen their knowledge of jazz and standards in order to play in the school\u2019s advanced ensembles and feel comfortable in various contexts, including jam sessions.<\/p>\n<p>You will learn to:<\/p>\n<p>\u2022 <b>Develop accompaniment techniques<\/b> suited to different musical aesthetics.<br \/>\n\u2022 <b>Practice improvisation<\/b> over more advanced chord progressions.<br \/>\n\u2022 <b>Apply advanced harmony concepts<\/b>, such as chord substitutions, extensions, modulations, as well as the study of scales, modes, reharmonizations, upper structures, and bebop and jazz fusion vocabulary.<br \/>\n\u2022 <b>Adapt your playing to the musical style<\/b> by exploring the unique characteristics of each genre (funk, bossa nova, ballads, blues, bebop, etc.).<br \/>\n\u2022 <b>Analyze and emulate the approaches of influential pianists<\/b> by studying their techniques and stylistic choices.<\/p>\n\t\t\t\t\t\t\t\t<\/div>\n\t\t\t\t<\/div>\n\t\t\t\t<div class=\"elementor-element elementor-element-74d4f25 elementor-widget elementor-widget-heading\" data-id=\"74d4f25\" data-element_type=\"widget\" data-e-type=\"widget\" data-widget_type=\"heading.default\">\n\t\t\t\t<div class=\"elementor-widget-container\">\n\t\t\t\t\t<h3 class=\"elementor-heading-title elementor-size-default\">Concerts<\/h3>\t\t\t\t<\/div>\n\t\t\t\t<\/div>\n\t\t\t\t<div class=\"elementor-element elementor-element-fdd492f elementor-widget elementor-widget-text-editor\" data-id=\"fdd492f\" data-element_type=\"widget\" data-e-type=\"widget\" data-widget_type=\"text-editor.default\">\n\t\t\t\t<div class=\"elementor-widget-container\">\n\t\t\t\t\t\t\t\t\t<p>Each year of instrumental instruction concludes with an end-of-year concert.<\/p>\n\t\t\t\t\t\t\t\t<\/div>\n\t\t\t\t<\/div>\n\t\t\t\t<div class=\"elementor-element elementor-element-0f6c4fb elementor-widget elementor-widget-heading\" data-id=\"0f6c4fb\" data-element_type=\"widget\" data-e-type=\"widget\" data-widget_type=\"heading.default\">\n\t\t\t\t<div class=\"elementor-widget-container\">\n\t\t\t\t\t<h3 class=\"elementor-heading-title elementor-size-default\">Jam-sessions<\/h3>\t\t\t\t<\/div>\n\t\t\t\t<\/div>\n\t\t\t\t<div class=\"elementor-element elementor-element-842889d elementor-widget elementor-widget-text-editor\" data-id=\"842889d\" data-element_type=\"widget\" data-e-type=\"widget\" data-widget_type=\"text-editor.default\">\n\t\t\t\t<div class=\"elementor-widget-container\">\n\t\t\t\t\t\t\t\t\t<p>Students are encouraged to regularly participate in the many jam sessions organized by the school, allowing teachers to closely monitor and support their progress.<\/p>\n\t\t\t\t\t\t\t\t<\/div>\n\t\t\t\t<\/div>\n\t\t\t\t<div class=\"elementor-element elementor-element-8d950f7 elementor-widget elementor-widget-heading\" data-id=\"8d950f7\" data-element_type=\"widget\" data-e-type=\"widget\" data-widget_type=\"heading.default\">\n\t\t\t\t<div class=\"elementor-widget-container\">\n\t\t\t\t\t<h3 class=\"elementor-heading-title elementor-size-default\">Master-classes<\/h3>\t\t\t\t<\/div>\n\t\t\t\t<\/div>\n\t\t\t\t<div class=\"elementor-element elementor-element-acd16a3 elementor-widget elementor-widget-text-editor\" data-id=\"acd16a3\" data-element_type=\"widget\" data-e-type=\"widget\" data-widget_type=\"text-editor.default\">\n\t\t\t\t<div class=\"elementor-widget-container\">\n\t\t\t\t\t\t\t\t\t<p>Throughout the year, masterclasses will be held with renowned figures from the music world in a friendly setting, offering discounted rates for students enrolled in the non-degree program.<\/p>\n\t\t\t\t\t\t\t\t<\/div>\n\t\t\t\t<\/div>\n\t\t\t\t<\/div>\n\t\t<div class=\"elementor-element elementor-element-3d741e8b e-con-full pix-alacarte e-flex e-con e-child\" data-id=\"3d741e8b\" data-element_type=\"container\" data-e-type=\"container\">\n\t\t\t\t<div class=\"elementor-element elementor-element-3c4c2876 pix-alacarte-banniere elementor-widget elementor-widget-text-editor\" data-id=\"3c4c2876\" data-element_type=\"widget\" data-e-type=\"widget\" data-widget_type=\"text-editor.default\">\n\t\t\t\t<div class=\"elementor-widget-container\">\n\t\t\t\t\t\t\t\t\t<div class=\"pix-alacarte-banniere\"><div class=\"pix-alacarte-banniere-text\">Cours de piano collectifs<\/div><div class=\"pix-alacarte-banniere-image\"><img fetchpriority=\"high\" decoding=\"async\" width=\"500\" height=\"334\" src=\"https:\/\/www.asmm.fr\/wp-content\/uploads\/2025\/01\/cours-de-piano-collectif.webp\" class=\"attachment-500x500 size-500x500\" alt=\"\" srcset=\"https:\/\/www.asmm.fr\/wp-content\/uploads\/2025\/01\/cours-de-piano-collectif.webp 1191w, https:\/\/www.asmm.fr\/wp-content\/uploads\/2025\/01\/cours-de-piano-collectif-600x401.webp 600w, https:\/\/www.asmm.fr\/wp-content\/uploads\/2025\/01\/cours-de-piano-collectif-768x513.webp 768w\" sizes=\"(max-width: 500px) 100vw, 500px\" \/><\/div><\/div>\n\t\t\t\t\t\t\t\t<\/div>\n\t\t\t\t<\/div>\n\t\t\t\t<div class=\"elementor-element elementor-element-76bea791 pix-alacarte-duree elementor-widget elementor-widget-text-editor\" data-id=\"76bea791\" data-element_type=\"widget\" data-e-type=\"widget\" data-widget_type=\"text-editor.default\">\n\t\t\t\t<div class=\"elementor-widget-container\">\n\t\t\t\t\t\t\t\t\t<p><b>Frequency and Duration<\/b><\/p>\n<p><\/p>\n<p>2 hours \/ week<br \/>\n30 weeks per year<br \/>\nMondays from 6:30 PM to 8:30 PM (PNP)<br \/>\nTuesdays from 6:30 PM to 8:30 PM (Level 1)<br \/>\nTuesdays from 6:30 PM to 8:30 PM (Level 2)<\/p>\n\t\t\t\t\t\t\t\t<\/div>\n\t\t\t\t<\/div>\n\t\t\t\t<div class=\"elementor-element elementor-element-2c3fe9e1 pix-alacarte-tarifs elementor-widget elementor-widget-text-editor\" data-id=\"2c3fe9e1\" data-element_type=\"widget\" data-e-type=\"widget\" data-widget_type=\"text-editor.default\">\n\t\t\t\t<div class=\"elementor-widget-container\">\n\t\t\t\t\t\t\t\t\t<p><b>Tuition<\/b><\/p>\n<p>\u20ac1200 \/ year<\/p>\n\t\t\t\t\t\t\t\t<\/div>\n\t\t\t\t<\/div>\n\t\t\t\t<div class=\"elementor-element elementor-element-3418aa7b pix-alacarte-profs elementor-widget elementor-widget-text-editor\" data-id=\"3418aa7b\" data-element_type=\"widget\" data-e-type=\"widget\" data-widget_type=\"text-editor.default\">\n\t\t\t\t<div class=\"elementor-widget-container\">\n\t\t\t\t\t\t\t\t\t<p><b>Teachers<\/b><br \/><\/p>\n\t\t\t\t\t\t\t\t<\/div>\n\t\t\t\t<\/div>\n\t\t\t\t<div class=\"elementor-element elementor-element-5961bc2a pix-alacarte-cible elementor-widget elementor-widget-text-editor\" data-id=\"5961bc2a\" data-element_type=\"widget\" data-e-type=\"widget\" data-widget_type=\"text-editor.default\">\n\t\t\t\t<div class=\"elementor-widget-container\">\n\t\t\t\t\t\t\t\t\t<p><b>Target Audience \/ Who is it for?<\/b><\/p>\n<p>Amateur and experienced pianists, as well as non-pianist musicians looking to develop their piano\/keyboard skills.<\/p>\n\t\t\t\t\t\t\t\t<\/div>\n\t\t\t\t<\/div>\n\t\t\t\t<div class=\"elementor-element elementor-element-1e7b118 pix-alacarte-cible elementor-widget elementor-widget-text-editor\" data-id=\"1e7b118\" data-element_type=\"widget\" data-e-type=\"widget\" data-widget_type=\"text-editor.default\">\n\t\t\t\t<div class=\"elementor-widget-container\">\n\t\t\t\t\t\t\t\t\t<p>Une attestation de formation est d\u00e9livr\u00e9e en fin d&#8217;ann\u00e9e<\/p>\n\t\t\t\t\t\t\t\t<\/div>\n\t\t\t\t<\/div>\n\t\t\t\t<div class=\"elementor-element elementor-element-7e933be9 pix-boutoninscription-alacarte elementor-widget elementor-widget-button\" data-id=\"7e933be9\" data-element_type=\"widget\" data-e-type=\"widget\" data-widget_type=\"button.default\">\n\t\t\t\t<div class=\"elementor-widget-container\">\n\t\t\t\t\t\t\t\t\t<div class=\"elementor-button-wrapper\">\n\t\t\t\t\t<a class=\"elementor-button elementor-button-link elementor-size-sm\" href=\"https:\/\/www.asmm.fr\/en\/out-of-cycle-registrations\/\">\n\t\t\t\t\t\t<span class=\"elementor-button-content-wrapper\">\n\t\t\t\t\t\t\t\t\t<span class=\"elementor-button-text\">Enrollment<\/span>\n\t\t\t\t\t<\/span>\n\t\t\t\t\t<\/a>\n\t\t\t\t<\/div>\n\t\t\t\t\t\t\t\t<\/div>\n\t\t\t\t<\/div>\n\t\t\t\t<div class=\"elementor-element elementor-element-765d901 pix-alacarte-conditionsacces elementor-widget elementor-widget-text-editor\" data-id=\"765d901\" data-element_type=\"widget\" data-e-type=\"widget\" data-widget_type=\"text-editor.default\">\n\t\t\t\t<div class=\"elementor-widget-container\">\n\t\t\t\t\t\t\t\t\t<p><b>Admission Requirements<\/b><br \/>\n<strong>Level 1<\/strong>: For pianists with solid experience who need to structure their fundamentals (harmony, improvisation, sight-reading).<br \/>\n<strong>Level 2<\/strong>: Completion of Level 1 or mastery of its content, assessed through an audition with a member of the teaching staff.<br \/>\n<strong>PNP<\/strong>: Must have instrumental proficiency on another instrument.<\/p>\n\t\t\t\t\t\t\t\t<\/div>\n\t\t\t\t<\/div>\n\t\t\t\t<\/div>\n\t\t\t\t\t<\/div>\n\t\t\t\t<\/div>\n\t\t\t\t<\/div>\n\t\t","protected":false},"excerpt":{"rendered":"<p>Piano classThe ASMM Program Presentation Group piano classes offer a shared space where the social dynamic of the group encourages individual progress in a friendly and supportive atmosphere. The American School offers three group piano classes: Piano for Non-Pianists (PNP) Group Piano \u2013 Level 1 Group Piano \u2013 Level 2 Piano for Non-Pianists \/ Beginners [&hellip;]<\/p>\n","protected":false},"author":3,"featured_media":13426,"parent":0,"menu_order":26,"comment_status":"closed","ping_status":"closed","template":"","meta":{"_acf_changed":false,"footnotes":""},"class_list":["post-16556","page","type-page","status-publish","has-post-thumbnail","hentry"],"acf":[],"yoast_head":"<!-- This site is optimized with the Yoast SEO plugin v27.5 - https:\/\/yoast.com\/product\/yoast-seo-wordpress\/ -->\n<title>Piano Class in Paris - Piano lessons in Paris<\/title>\n<meta name=\"description\" content=\"Discover these piano lessons in Paris with the high-level instructors of the American School of Modern Music.\" \/>\n<meta name=\"robots\" content=\"index, follow, max-snippet:-1, max-image-preview:large, max-video-preview:-1\" \/>\n<link rel=\"canonical\" href=\"https:\/\/www.asmm.fr\/en\/piano-class\/\" \/>\n<meta property=\"og:locale\" content=\"en_US\" \/>\n<meta property=\"og:type\" content=\"article\" \/>\n<meta property=\"og:title\" content=\"Piano Class in Paris - Piano lessons in Paris\" \/>\n<meta property=\"og:description\" content=\"Discover these piano lessons in Paris with the high-level instructors of the American School of Modern Music.\" \/>\n<meta property=\"og:url\" content=\"https:\/\/www.asmm.fr\/en\/piano-class\/\" \/>\n<meta property=\"og:site_name\" content=\"American School of Modern Music\" \/>\n<meta property=\"article:publisher\" content=\"https:\/\/www.facebook.com\/asmm.fr\/\" \/>\n<meta property=\"article:modified_time\" content=\"2025-07-03T06:41:47+00:00\" \/>\n<meta property=\"og:image\" content=\"http:\/\/www.asmm.fr\/wp-content\/uploads\/2019\/05\/59828221_842754529419225_1812085378362900480_n.jpg\" \/>\n<meta name=\"twitter:card\" content=\"summary_large_image\" \/>\n<meta name=\"twitter:image\" content=\"http:\/\/www.asmm.fr\/wp-content\/uploads\/2016\/11\/School-logo-for-UAD.jpg\" \/>\n<meta name=\"twitter:site\" content=\"@AsmmParis\" \/>\n<meta name=\"twitter:label1\" content=\"Est. reading time\" \/>\n\t<meta name=\"twitter:data1\" content=\"3 minutes\" \/>\n<script type=\"application\/ld+json\" class=\"yoast-schema-graph\">{\"@context\":\"https:\\\/\\\/schema.org\",\"@graph\":[{\"@type\":\"WebPage\",\"@id\":\"https:\\\/\\\/www.asmm.fr\\\/en\\\/piano-class\\\/\",\"url\":\"https:\\\/\\\/www.asmm.fr\\\/en\\\/piano-class\\\/\",\"name\":\"Piano Class in Paris - Piano lessons in Paris\",\"isPartOf\":{\"@id\":\"https:\\\/\\\/www.asmm.fr\\\/en\\\/#website\"},\"primaryImageOfPage\":{\"@id\":\"https:\\\/\\\/www.asmm.fr\\\/en\\\/piano-class\\\/#primaryimage\"},\"image\":{\"@id\":\"https:\\\/\\\/www.asmm.fr\\\/en\\\/piano-class\\\/#primaryimage\"},\"thumbnailUrl\":\"https:\\\/\\\/www.asmm.fr\\\/wp-content\\\/uploads\\\/2023\\\/02\\\/claude-gabriel-yvEVMyTzMO4-unsplash-1.jpg\",\"datePublished\":\"2023-02-09T15:54:34+00:00\",\"dateModified\":\"2025-07-03T06:41:47+00:00\",\"description\":\"Discover these piano lessons in Paris with the high-level instructors of the American School of Modern Music.\",\"breadcrumb\":{\"@id\":\"https:\\\/\\\/www.asmm.fr\\\/en\\\/piano-class\\\/#breadcrumb\"},\"inLanguage\":\"en-US\",\"potentialAction\":[{\"@type\":\"ReadAction\",\"target\":[\"https:\\\/\\\/www.asmm.fr\\\/en\\\/piano-class\\\/\"]}]},{\"@type\":\"ImageObject\",\"inLanguage\":\"en-US\",\"@id\":\"https:\\\/\\\/www.asmm.fr\\\/en\\\/piano-class\\\/#primaryimage\",\"url\":\"https:\\\/\\\/www.asmm.fr\\\/wp-content\\\/uploads\\\/2023\\\/02\\\/claude-gabriel-yvEVMyTzMO4-unsplash-1.jpg\",\"contentUrl\":\"https:\\\/\\\/www.asmm.fr\\\/wp-content\\\/uploads\\\/2023\\\/02\\\/claude-gabriel-yvEVMyTzMO4-unsplash-1.jpg\",\"width\":1920,\"height\":1281},{\"@type\":\"BreadcrumbList\",\"@id\":\"https:\\\/\\\/www.asmm.fr\\\/en\\\/piano-class\\\/#breadcrumb\",\"itemListElement\":[{\"@type\":\"ListItem\",\"position\":1,\"name\":\"Accueil\",\"item\":\"https:\\\/\\\/www.asmm.fr\\\/en\\\/\"},{\"@type\":\"ListItem\",\"position\":2,\"name\":\"Piano class\"}]},{\"@type\":\"WebSite\",\"@id\":\"https:\\\/\\\/www.asmm.fr\\\/en\\\/#website\",\"url\":\"https:\\\/\\\/www.asmm.fr\\\/en\\\/\",\"name\":\"American School of Modern Music\",\"description\":\"\",\"publisher\":{\"@id\":\"https:\\\/\\\/www.asmm.fr\\\/en\\\/#organization\"},\"potentialAction\":[{\"@type\":\"SearchAction\",\"target\":{\"@type\":\"EntryPoint\",\"urlTemplate\":\"https:\\\/\\\/www.asmm.fr\\\/en\\\/?s={search_term_string}\"},\"query-input\":{\"@type\":\"PropertyValueSpecification\",\"valueRequired\":true,\"valueName\":\"search_term_string\"}}],\"inLanguage\":\"en-US\"},{\"@type\":\"Organization\",\"@id\":\"https:\\\/\\\/www.asmm.fr\\\/en\\\/#organization\",\"name\":\"American School of Modern Music\",\"url\":\"https:\\\/\\\/www.asmm.fr\\\/en\\\/\",\"logo\":{\"@type\":\"ImageObject\",\"inLanguage\":\"en-US\",\"@id\":\"https:\\\/\\\/www.asmm.fr\\\/en\\\/#\\\/schema\\\/logo\\\/image\\\/\",\"url\":\"https:\\\/\\\/www.asmm.fr\\\/wp-content\\\/uploads\\\/2020\\\/09\\\/cropped-Round-asmm-logo-1.png\",\"contentUrl\":\"https:\\\/\\\/www.asmm.fr\\\/wp-content\\\/uploads\\\/2020\\\/09\\\/cropped-Round-asmm-logo-1.png\",\"width\":512,\"height\":512,\"caption\":\"American School of Modern Music\"},\"image\":{\"@id\":\"https:\\\/\\\/www.asmm.fr\\\/en\\\/#\\\/schema\\\/logo\\\/image\\\/\"},\"sameAs\":[\"https:\\\/\\\/www.facebook.com\\\/asmm.fr\\\/\",\"https:\\\/\\\/x.com\\\/AsmmParis\",\"http:\\\/\\\/www.instagram.com\\\/asmmofficial\\\/\",\"https:\\\/\\\/www.youtube.com\\\/channel\\\/UCLhKwvFjBzMHOfjrFW0KCVA\"]}]}<\/script>\n<!-- \/ Yoast SEO plugin. -->","yoast_head_json":{"title":"Piano Class in Paris - Piano lessons in Paris","description":"Discover these piano lessons in Paris with the high-level instructors of the American School of Modern Music.","robots":{"index":"index","follow":"follow","max-snippet":"max-snippet:-1","max-image-preview":"max-image-preview:large","max-video-preview":"max-video-preview:-1"},"canonical":"https:\/\/www.asmm.fr\/en\/piano-class\/","og_locale":"en_US","og_type":"article","og_title":"Piano Class in Paris - Piano lessons in Paris","og_description":"Discover these piano lessons in Paris with the high-level instructors of the American School of Modern Music.","og_url":"https:\/\/www.asmm.fr\/en\/piano-class\/","og_site_name":"American School of Modern Music","article_publisher":"https:\/\/www.facebook.com\/asmm.fr\/","article_modified_time":"2025-07-03T06:41:47+00:00","og_image":[{"url":"http:\/\/www.asmm.fr\/wp-content\/uploads\/2019\/05\/59828221_842754529419225_1812085378362900480_n.jpg","type":"","width":"","height":""}],"twitter_card":"summary_large_image","twitter_image":"http:\/\/www.asmm.fr\/wp-content\/uploads\/2016\/11\/School-logo-for-UAD.jpg","twitter_site":"@AsmmParis","twitter_misc":{"Est. reading time":"3 minutes"},"schema":{"@context":"https:\/\/schema.org","@graph":[{"@type":"WebPage","@id":"https:\/\/www.asmm.fr\/en\/piano-class\/","url":"https:\/\/www.asmm.fr\/en\/piano-class\/","name":"Piano Class in Paris - Piano lessons in Paris","isPartOf":{"@id":"https:\/\/www.asmm.fr\/en\/#website"},"primaryImageOfPage":{"@id":"https:\/\/www.asmm.fr\/en\/piano-class\/#primaryimage"},"image":{"@id":"https:\/\/www.asmm.fr\/en\/piano-class\/#primaryimage"},"thumbnailUrl":"https:\/\/www.asmm.fr\/wp-content\/uploads\/2023\/02\/claude-gabriel-yvEVMyTzMO4-unsplash-1.jpg","datePublished":"2023-02-09T15:54:34+00:00","dateModified":"2025-07-03T06:41:47+00:00","description":"Discover these piano lessons in Paris with the high-level instructors of the American School of Modern Music.","breadcrumb":{"@id":"https:\/\/www.asmm.fr\/en\/piano-class\/#breadcrumb"},"inLanguage":"en-US","potentialAction":[{"@type":"ReadAction","target":["https:\/\/www.asmm.fr\/en\/piano-class\/"]}]},{"@type":"ImageObject","inLanguage":"en-US","@id":"https:\/\/www.asmm.fr\/en\/piano-class\/#primaryimage","url":"https:\/\/www.asmm.fr\/wp-content\/uploads\/2023\/02\/claude-gabriel-yvEVMyTzMO4-unsplash-1.jpg","contentUrl":"https:\/\/www.asmm.fr\/wp-content\/uploads\/2023\/02\/claude-gabriel-yvEVMyTzMO4-unsplash-1.jpg","width":1920,"height":1281},{"@type":"BreadcrumbList","@id":"https:\/\/www.asmm.fr\/en\/piano-class\/#breadcrumb","itemListElement":[{"@type":"ListItem","position":1,"name":"Accueil","item":"https:\/\/www.asmm.fr\/en\/"},{"@type":"ListItem","position":2,"name":"Piano class"}]},{"@type":"WebSite","@id":"https:\/\/www.asmm.fr\/en\/#website","url":"https:\/\/www.asmm.fr\/en\/","name":"American School of Modern Music","description":"","publisher":{"@id":"https:\/\/www.asmm.fr\/en\/#organization"},"potentialAction":[{"@type":"SearchAction","target":{"@type":"EntryPoint","urlTemplate":"https:\/\/www.asmm.fr\/en\/?s={search_term_string}"},"query-input":{"@type":"PropertyValueSpecification","valueRequired":true,"valueName":"search_term_string"}}],"inLanguage":"en-US"},{"@type":"Organization","@id":"https:\/\/www.asmm.fr\/en\/#organization","name":"American School of Modern Music","url":"https:\/\/www.asmm.fr\/en\/","logo":{"@type":"ImageObject","inLanguage":"en-US","@id":"https:\/\/www.asmm.fr\/en\/#\/schema\/logo\/image\/","url":"https:\/\/www.asmm.fr\/wp-content\/uploads\/2020\/09\/cropped-Round-asmm-logo-1.png","contentUrl":"https:\/\/www.asmm.fr\/wp-content\/uploads\/2020\/09\/cropped-Round-asmm-logo-1.png","width":512,"height":512,"caption":"American School of Modern Music"},"image":{"@id":"https:\/\/www.asmm.fr\/en\/#\/schema\/logo\/image\/"},"sameAs":["https:\/\/www.facebook.com\/asmm.fr\/","https:\/\/x.com\/AsmmParis","http:\/\/www.instagram.com\/asmmofficial\/","https:\/\/www.youtube.com\/channel\/UCLhKwvFjBzMHOfjrFW0KCVA"]}]}},"_links":{"self":[{"href":"https:\/\/www.asmm.fr\/en\/wp-json\/wp\/v2\/pages\/16556","targetHints":{"allow":["GET"]}}],"collection":[{"href":"https:\/\/www.asmm.fr\/en\/wp-json\/wp\/v2\/pages"}],"about":[{"href":"https:\/\/www.asmm.fr\/en\/wp-json\/wp\/v2\/types\/page"}],"author":[{"embeddable":true,"href":"https:\/\/www.asmm.fr\/en\/wp-json\/wp\/v2\/users\/3"}],"replies":[{"embeddable":true,"href":"https:\/\/www.asmm.fr\/en\/wp-json\/wp\/v2\/comments?post=16556"}],"version-history":[{"count":3,"href":"https:\/\/www.asmm.fr\/en\/wp-json\/wp\/v2\/pages\/16556\/revisions"}],"predecessor-version":[{"id":17577,"href":"https:\/\/www.asmm.fr\/en\/wp-json\/wp\/v2\/pages\/16556\/revisions\/17577"}],"wp:featuredmedia":[{"embeddable":true,"href":"https:\/\/www.asmm.fr\/en\/wp-json\/wp\/v2\/media\/13426"}],"wp:attachment":[{"href":"https:\/\/www.asmm.fr\/en\/wp-json\/wp\/v2\/media?parent=16556"}],"curies":[{"name":"wp","href":"https:\/\/api.w.org\/{rel}","templated":true}]}}