{"id":16635,"date":"2018-03-15T23:26:50","date_gmt":"2018-03-15T22:26:50","guid":{"rendered":"https:\/\/www.asmm.fr\/guitar-workshop-summer-2024\/"},"modified":"2025-12-07T14:52:43","modified_gmt":"2025-12-07T13:52:43","slug":"guitar-workshop-summer-2024","status":"publish","type":"page","link":"https:\/\/www.asmm.fr\/en\/guitar-workshop-summer-2024\/","title":{"rendered":"Guitar Workshop Summer 2026"},"content":{"rendered":"\t\t<div data-elementor-type=\"wp-page\" data-elementor-id=\"16635\" class=\"elementor elementor-16635 elementor-7596\" data-elementor-post-type=\"page\">\n\t\t\t\t<div class=\"elementor-element elementor-element-33c162f2 e-flex e-con-boxed e-con e-parent\" data-id=\"33c162f2\" data-element_type=\"container\" data-e-type=\"container\">\n\t\t\t\t\t<div class=\"e-con-inner\">\n\t\t<div class=\"elementor-element elementor-element-05ae745 e-con-full e-flex e-con e-child\" data-id=\"05ae745\" data-element_type=\"container\" data-e-type=\"container\">\n\t\t\t\t<div class=\"elementor-element elementor-element-8bd75ce elementor-widget elementor-widget-heading\" data-id=\"8bd75ce\" data-element_type=\"widget\" data-e-type=\"widget\" data-widget_type=\"heading.default\">\n\t\t\t\t<div class=\"elementor-widget-container\">\n\t\t\t\t\t<h1 class=\"elementor-heading-title elementor-size-default\">Stage de <span class=\"fin\">guitare<\/span><span class=\"dl\">et d'improvisation Jazz<\/span><\/h1>\t\t\t\t<\/div>\n\t\t\t\t<\/div>\n\t\t\t\t<div class=\"elementor-element elementor-element-5002eee elementor-widget elementor-widget-text-editor\" data-id=\"5002eee\" data-element_type=\"widget\" data-e-type=\"widget\" data-widget_type=\"text-editor.default\">\n\t\t\t\t<div class=\"elementor-widget-container\">\n\t\t\t\t\t\t\t\t\t<p>The GUITAR<em><strong>SESSIONS<\/strong><\/em> workshop consists of around twenty hours of classes dedicated to guitar and jazz improvisation, as well as the preparation of a concert to conclude the workshop. This year&#8217;s edition will give students the opportunity to work with a rhythm section (bass\/drums).<\/p>\n\t\t\t\t\t\t\t\t<\/div>\n\t\t\t\t<\/div>\n\t\t\t\t<div class=\"elementor-element elementor-element-2da2d2e4 elementor-widget elementor-widget-text-editor\" data-id=\"2da2d2e4\" data-element_type=\"widget\" data-e-type=\"widget\" data-widget_type=\"text-editor.default\">\n\t\t\t\t<div class=\"elementor-widget-container\">\n\t\t\t\t\t\t\t\t\t<p>From <b>June 29<\/b><strong> to July 3, 2026<\/strong>, the new edition of the GUITAR<em><strong>SESSIONS<\/strong><\/em> workshop by the American School of Modern Music will take place.<\/p>\n<p><em><strong>Where:<\/strong><\/em> <span style=\"text-align: var(--text-align);\" data-mce-style=\"text-align: var(--text-align);\"><i>\u201cLES FRIGOS\u201d<\/i><\/span><i style=\"text-align: var(--text-align);\" data-mce-style=\"text-align: var(--text-align);\"> 19, rue des Frigos, 75013 Paris<\/i><i style=\"text-align: var(--text-align);\" data-mce-style=\"text-align: var(--text-align);\"> Staircase B, 2nd floor.<\/i><\/p>\n<p><em><strong>Cost:<\/strong> \u20ac490<\/em><\/p>\n<p>Open to all.<br \/>The goal of the GUITAR<em><strong>SESSIONS<\/strong><\/em> is to offer participants a series of high-quality classes at an affordable price, in a focused yet relaxed environment.<\/p>\n<p>The workshop will be led by professors from the <a href=\"\/?page_id=5765\" data-mce-href=\"https:\/\/www.asmm.fr\/en\/teaching-staff\/\">American School of Modern Music<\/a>. With international backgrounds and extensive musical experience, they bring valuable knowledge, effective working methods, and proven teaching approaches to share with participants. Experienced educators and accomplished musicians, they have been developing specialized educational material for jazz guitarists for years.<\/p>\n<h2><strong>Instructors<\/strong><\/h2>\n<p><a href=\"https:\/\/www.asmm.fr\/en\/our_team\/guillaume-estace\/\" class=\"pix-miniteam-member-link\">\n                        <div class=\"pix-miniteam-member\">\n                            <div class=\"pix-miniteam-image\"><img decoding=\"async\" width=\"147\" height=\"150\" src=\"https:\/\/www.asmm.fr\/wp-content\/uploads\/2016\/03\/Guillaume-Solies-Pont-carre.jpeg\" class=\"attachment-thumb size-thumb wp-post-image\" alt=\"\" srcset=\"https:\/\/www.asmm.fr\/wp-content\/uploads\/2016\/03\/Guillaume-Solies-Pont-carre.jpeg 1135w, https:\/\/www.asmm.fr\/wp-content\/uploads\/2016\/03\/Guillaume-Solies-Pont-carre-589x600.jpeg 589w, https:\/\/www.asmm.fr\/wp-content\/uploads\/2016\/03\/Guillaume-Solies-Pont-carre-768x782.jpeg 768w\" sizes=\"(max-width: 147px) 100vw, 147px\" \/><\/div>\n                            <h2 class=\"pix-miniteam-title\">Guillaume Estace<\/h2>\n                            \n                        <\/div>\n                    <\/a><a href=\"https:\/\/www.asmm.fr\/en\/our_team\/anthony-jambon\/\" class=\"pix-miniteam-member-link\">\n                        <div class=\"pix-miniteam-member\">\n                            <div class=\"pix-miniteam-image\"><img decoding=\"async\" width=\"150\" height=\"150\" src=\"https:\/\/www.asmm.fr\/wp-content\/uploads\/2021\/03\/Round-Jambon-1.png\" class=\"attachment-thumb size-thumb wp-post-image\" alt=\"\" srcset=\"https:\/\/www.asmm.fr\/wp-content\/uploads\/2021\/03\/Round-Jambon-1.png 535w, https:\/\/www.asmm.fr\/wp-content\/uploads\/2021\/03\/Round-Jambon-1-150x150.png 150w\" sizes=\"(max-width: 150px) 100vw, 150px\" \/><\/div>\n                            <h2 class=\"pix-miniteam-title\">Anthony Jambon<\/h2>\n                            \n                        <\/div>\n                    <\/a><span style=\"text-align: var(--text-align);\" data-mce-style=\"text-align: var(--text-align);\"><\/span><\/p>\n<div style=\"clear: both;\" data-mce-style=\"clear: both;\"><\/div>\n<p><a class=\"pix-bouton\" href=\"https:\/\/forms.gle\/FyRA6m4uAFEaKzyF7\" target=\"_blank\" rel=\"noopener\" data-mce-href=\"https:\/\/forms.gle\/FyRA6m4uAFEaKzyF7\">Register<\/a><\/p>\n\t\t\t\t\t\t\t\t<\/div>\n\t\t\t\t<\/div>\n\t\t\t\t<\/div>\n\t\t\t\t<div class=\"elementor-element elementor-element-b316414 elementor-widget__width-inherit elementor-widget elementor-widget-image\" data-id=\"b316414\" data-element_type=\"widget\" data-e-type=\"widget\" data-widget_type=\"image.default\">\n\t\t\t\t<div class=\"elementor-widget-container\">\n\t\t\t\t\t\t\t\t\t\t\t\t\t\t\t\t<a href=\"https:\/\/www.asmm.fr\/wp-content\/uploads\/2025\/12\/Stage-Guitare-2026.jpg\" data-elementor-open-lightbox=\"yes\" data-elementor-lightbox-title=\"Guitar Workshop 2026\" data-e-action-hash=\"#elementor-action%3Aaction%3Dlightbox%26settings%3DeyJpZCI6MTc3ODMsInVybCI6Imh0dHBzOlwvXC93d3cuYXNtbS5mclwvd3AtY29udGVudFwvdXBsb2Fkc1wvMjAyNVwvMTJcL1N0YWdlLUd1aXRhcmUtMjAyNi5qcGcifQ%3D%3D\">\n\t\t\t\t\t\t\t<img fetchpriority=\"high\" decoding=\"async\" width=\"1229\" height=\"1536\" src=\"https:\/\/www.asmm.fr\/wp-content\/uploads\/2025\/12\/Stage-Guitare-2026-1229x1536.jpg\" class=\"attachment-1536x1536 size-1536x1536 wp-image-17783\" alt=\"\" srcset=\"https:\/\/www.asmm.fr\/wp-content\/uploads\/2025\/12\/Stage-Guitare-2026-1229x1536.jpg 1229w, https:\/\/www.asmm.fr\/wp-content\/uploads\/2025\/12\/Stage-Guitare-2026-480x600.jpg 480w, https:\/\/www.asmm.fr\/wp-content\/uploads\/2025\/12\/Stage-Guitare-2026-960x1200.jpg 960w, https:\/\/www.asmm.fr\/wp-content\/uploads\/2025\/12\/Stage-Guitare-2026-768x960.jpg 768w, https:\/\/www.asmm.fr\/wp-content\/uploads\/2025\/12\/Stage-Guitare-2026.jpg 1280w\" sizes=\"(max-width: 1229px) 100vw, 1229px\" \/>\t\t\t\t\t\t\t\t<\/a>\n\t\t\t\t\t\t\t\t\t\t\t\t\t\t\t<\/div>\n\t\t\t\t<\/div>\n\t\t\t\t\t<\/div>\n\t\t\t\t<\/div>\n\t\t<div class=\"elementor-element elementor-element-bd87a95 e-flex e-con-boxed e-con e-parent\" data-id=\"bd87a95\" data-element_type=\"container\" data-e-type=\"container\">\n\t\t\t\t\t<div class=\"e-con-inner\">\n\t\t\t\t<div class=\"elementor-element elementor-element-4b97472 elementor-widget elementor-widget-heading\" data-id=\"4b97472\" data-element_type=\"widget\" data-e-type=\"widget\" data-widget_type=\"heading.default\">\n\t\t\t\t<div class=\"elementor-widget-container\">\n\t\t\t\t\t<h2 class=\"elementor-heading-title elementor-size-default\">Practical information<\/h2>\t\t\t\t<\/div>\n\t\t\t\t<\/div>\n\t\t\t\t<div class=\"elementor-element elementor-element-98a1214 elementor-widget elementor-widget-text-editor\" data-id=\"98a1214\" data-element_type=\"widget\" data-e-type=\"widget\" data-widget_type=\"text-editor.default\">\n\t\t\t\t<div class=\"elementor-widget-container\">\n\t\t\t\t\t\t\t\t\t<p><strong>Skill Levels:<\/strong> The workshop is offered at two distinct levels. The first level, or Group 1, is suitable for guitarists with a solid understanding of jazz, music theory (intervals, chord and scale construction), solf\u00e8ge (pitch and rhythm recognition and notation), and practical application on the instrument (ability to accompany a jazz standard).<\/p><p>The second level, or Group 2, is open to less experienced guitarists, including those who may not read music or are less confident with harmony. This level is also open to guitarists from other musical backgrounds (rock, blues, folk, metal, etc.) who wish to explore more advanced harmonic vocabulary and improvisation.<\/p><p>Reading music is not required to attend this workshop. However, regular practice and prior experience playing in a group are strongly recommended. The workshop is not intended for complete beginners.<\/p><p>We encourage participants to share any recordings (mp3, links, website, etc.) that would help us assess their current level.<\/p><p><strong>Concert:<\/strong> A student concert will take place at the end of the workshop on Friday.<\/p><p><strong>Accommodation:<\/strong> Accommodation is not included. However, many lodging options are available near the venue.<\/p><p><strong>Equipment:<\/strong> All amplification equipment will be available on-site. In addition to their guitar, participants are asked to bring staff paper, a pencil and eraser, and a jack cable. Teaching materials will be provided throughout the week.<\/p><p><strong>Language:<\/strong> The workshop will be conducted in French. However, instructors can assist international students in English when needed.<\/p><p><strong>Schedule:<\/strong> Classes will run from Monday to Friday, 10 AM to 5 PM each day.<\/p>\t\t\t\t\t\t\t\t<\/div>\n\t\t\t\t<\/div>\n\t\t\t\t<div class=\"elementor-element elementor-element-ef6392e elementor-widget elementor-widget-heading\" data-id=\"ef6392e\" data-element_type=\"widget\" data-e-type=\"widget\" data-widget_type=\"heading.default\">\n\t\t\t\t<div class=\"elementor-widget-container\">\n\t\t\t\t\t<h2 class=\"elementor-heading-title elementor-size-default\">Course Content<\/h2>\t\t\t\t<\/div>\n\t\t\t\t<\/div>\n\t\t\t\t<div class=\"elementor-element elementor-element-1054aea elementor-widget elementor-widget-text-editor\" data-id=\"1054aea\" data-element_type=\"widget\" data-e-type=\"widget\" data-widget_type=\"text-editor.default\">\n\t\t\t\t<div class=\"elementor-widget-container\">\n\t\t\t\t\t\t\t\t\t<p>The workshop includes over twenty hours of classes, as well as a final concert.<br \/>Here are some examples of topics that will be covered during the workshop:<\/p>\n<p><strong>Guitar Knowledge<\/strong><\/p>\n<p>A group class focused on the specificities of the guitar.<br \/>Depending on the level, topics include:<\/p>\n<ul>\n<li>Triads \/ seventh chords and their inversions, played as chords and arpeggios<\/li>\n<li>Scales (major, harmonic minor, melodic minor, harmonic major, diminished, augmented, pentatonic&#8230;)<\/li>\n<li>Technical development<\/li>\n<li>Rhythm work<\/li>\n<li>Improvisation (navigating chord changes, rhythmic vocabulary, time feel, developing form, etc.)<\/li>\n<\/ul>\n<p><strong>Improvisation and Comping Techniques<\/strong><\/p>\n<p>Teachers will demonstrate some of the fundamental aspects of improvisation:<\/p>\n<ul>\n<li>Form<\/li>\n<li>Dynamics<\/li>\n<li>Interaction<\/li>\n<li>How to rehearse<\/li>\n<li>Introductions and endings<\/li>\n<li>How to comp<\/li>\n<li>Building a solo<\/li>\n<li>Etc.<\/li>\n<\/ul>\n<p>Participants are also encouraged to ask questions about topics they would like to explore.<\/p>\n<p><strong>Improvisation Workshop<\/strong><\/p>\n<p>A group class designed to put into practice topics from the \u201cguitar knowledge\u201d and \u201cduo playing seminar\u201d classes.<br \/>Participants will play on jazz standards.<br \/>We will also rehearse the repertoire for the final concert.<\/p>\n<p><strong>Instrument Study<\/strong><\/p>\n<p>Topics include:<\/p>\n<ul>\n<li>What to practice<\/li>\n<li>Pushing beyond your limits<\/li>\n<li>The complete guitarist: the importance of reading, transcribing, and analysis to enrich your playing<\/li>\n<li>The metronome is your best friend<\/li>\n<li>Challenges of the contemporary musician<\/li>\n<li>Paths to explore (sounds, techniques, musical styles)<\/li>\n<li>How to develop a practice plan<\/li>\n<li>Etc&#8230;<\/li>\n<\/ul>\n<p><strong>Rhythm Section Workshop<\/strong><\/p>\n<ul>\n<li>Concert preparation<\/li>\n<li>Group playing and jam session etiquette<\/li>\n<li>Interaction<\/li>\n<li>Solo construction<\/li>\n<li>Comping<\/li>\n<\/ul>\n<p><a class=\"pix-bouton\" href=\"https:\/\/forms.gle\/57g71Fk6AeKfgP65A\" target=\"_blank\" rel=\"noopener\" data-mce-href=\"https:\/\/forms.gle\/57g71Fk6AeKfgP65A\">Register<\/a><\/p>\n\t\t\t\t\t\t\t\t<\/div>\n\t\t\t\t<\/div>\n\t\t\t\t\t<\/div>\n\t\t\t\t<\/div>\n\t\t\t\t<\/div>\n\t\t","protected":false},"excerpt":{"rendered":"<p>Stage de guitareet d&#8217;improvisation Jazz The GUITARSESSIONS workshop consists of around twenty hours of classes dedicated to guitar and jazz improvisation, as well as the preparation of a concert to conclude the workshop. This year&#8217;s edition will give students the opportunity to work with a rhythm section (bass\/drums). From June 29 to July 3, 2026, [&hellip;]<\/p>\n","protected":false},"author":3,"featured_media":0,"parent":0,"menu_order":40,"comment_status":"closed","ping_status":"closed","template":"","meta":{"_acf_changed":false,"footnotes":""},"class_list":["post-16635","page","type-page","status-publish","hentry"],"acf":[],"yoast_head":"<!-- This site is optimized with the Yoast SEO plugin v27.5 - https:\/\/yoast.com\/product\/yoast-seo-wordpress\/ -->\n<title>Stage de Guitare Paris - Stage de Guitare \u00e0 Paris - ASMM<\/title>\n<meta name=\"description\" content=\"Stage guitare d&#039;\u00e9t\u00e9 organis\u00e9 \u00e0 Paris par l&#039;American School of Modern Music. Le stage sera anim\u00e9 par Guillaume Estace et Anthony Jambon\" \/>\n<meta name=\"robots\" content=\"index, follow, max-snippet:-1, max-image-preview:large, max-video-preview:-1\" \/>\n<link rel=\"canonical\" href=\"https:\/\/www.asmm.fr\/en\/guitar-workshop-summer-2024\/\" \/>\n<meta property=\"og:locale\" content=\"en_US\" \/>\n<meta property=\"og:type\" content=\"article\" \/>\n<meta property=\"og:title\" content=\"Stage de Guitare Paris - Stage de Guitare \u00e0 Paris - ASMM\" \/>\n<meta property=\"og:description\" content=\"Stage guitare d&#039;\u00e9t\u00e9 organis\u00e9 \u00e0 Paris par l&#039;American School of Modern Music. Le stage sera anim\u00e9 par Guillaume Estace et Anthony Jambon\" \/>\n<meta property=\"og:url\" content=\"https:\/\/www.asmm.fr\/en\/guitar-workshop-summer-2024\/\" \/>\n<meta property=\"og:site_name\" content=\"American School of Modern Music\" \/>\n<meta property=\"article:publisher\" content=\"https:\/\/www.facebook.com\/asmm.fr\/\" \/>\n<meta property=\"article:modified_time\" content=\"2025-12-07T13:52:43+00:00\" \/>\n<meta property=\"og:image\" content=\"https:\/\/www.asmm.fr\/wp-content\/uploads\/2025\/12\/Stage-Guitare-2026-1229x1536.jpg\" \/>\n<meta name=\"twitter:card\" content=\"summary_large_image\" \/>\n<meta name=\"twitter:site\" content=\"@AsmmParis\" \/>\n<meta name=\"twitter:label1\" content=\"Est. reading time\" \/>\n\t<meta name=\"twitter:data1\" content=\"4 minutes\" \/>\n<script type=\"application\/ld+json\" class=\"yoast-schema-graph\">{\"@context\":\"https:\\\/\\\/schema.org\",\"@graph\":[{\"@type\":\"WebPage\",\"@id\":\"https:\\\/\\\/www.asmm.fr\\\/en\\\/guitar-workshop-summer-2024\\\/\",\"url\":\"https:\\\/\\\/www.asmm.fr\\\/en\\\/guitar-workshop-summer-2024\\\/\",\"name\":\"Stage de Guitare Paris - Stage de Guitare \u00e0 Paris - ASMM\",\"isPartOf\":{\"@id\":\"https:\\\/\\\/www.asmm.fr\\\/en\\\/#website\"},\"primaryImageOfPage\":{\"@id\":\"https:\\\/\\\/www.asmm.fr\\\/en\\\/guitar-workshop-summer-2024\\\/#primaryimage\"},\"image\":{\"@id\":\"https:\\\/\\\/www.asmm.fr\\\/en\\\/guitar-workshop-summer-2024\\\/#primaryimage\"},\"thumbnailUrl\":\"https:\\\/\\\/www.asmm.fr\\\/wp-content\\\/uploads\\\/2025\\\/12\\\/Stage-Guitare-2026-1229x1536.jpg\",\"datePublished\":\"2018-03-15T22:26:50+00:00\",\"dateModified\":\"2025-12-07T13:52:43+00:00\",\"description\":\"Stage guitare d'\u00e9t\u00e9 organis\u00e9 \u00e0 Paris par l'American School of Modern Music. Le stage sera anim\u00e9 par Guillaume Estace et Anthony Jambon\",\"breadcrumb\":{\"@id\":\"https:\\\/\\\/www.asmm.fr\\\/en\\\/guitar-workshop-summer-2024\\\/#breadcrumb\"},\"inLanguage\":\"en-US\",\"potentialAction\":[{\"@type\":\"ReadAction\",\"target\":[\"https:\\\/\\\/www.asmm.fr\\\/en\\\/guitar-workshop-summer-2024\\\/\"]}]},{\"@type\":\"ImageObject\",\"inLanguage\":\"en-US\",\"@id\":\"https:\\\/\\\/www.asmm.fr\\\/en\\\/guitar-workshop-summer-2024\\\/#primaryimage\",\"url\":\"https:\\\/\\\/www.asmm.fr\\\/wp-content\\\/uploads\\\/2025\\\/12\\\/Stage-Guitare-2026-1229x1536.jpg\",\"contentUrl\":\"https:\\\/\\\/www.asmm.fr\\\/wp-content\\\/uploads\\\/2025\\\/12\\\/Stage-Guitare-2026-1229x1536.jpg\"},{\"@type\":\"BreadcrumbList\",\"@id\":\"https:\\\/\\\/www.asmm.fr\\\/en\\\/guitar-workshop-summer-2024\\\/#breadcrumb\",\"itemListElement\":[{\"@type\":\"ListItem\",\"position\":1,\"name\":\"Accueil\",\"item\":\"https:\\\/\\\/www.asmm.fr\\\/en\\\/\"},{\"@type\":\"ListItem\",\"position\":2,\"name\":\"Guitar Workshop Summer 2026\"}]},{\"@type\":\"WebSite\",\"@id\":\"https:\\\/\\\/www.asmm.fr\\\/en\\\/#website\",\"url\":\"https:\\\/\\\/www.asmm.fr\\\/en\\\/\",\"name\":\"American School of Modern Music\",\"description\":\"\",\"publisher\":{\"@id\":\"https:\\\/\\\/www.asmm.fr\\\/en\\\/#organization\"},\"potentialAction\":[{\"@type\":\"SearchAction\",\"target\":{\"@type\":\"EntryPoint\",\"urlTemplate\":\"https:\\\/\\\/www.asmm.fr\\\/en\\\/?s={search_term_string}\"},\"query-input\":{\"@type\":\"PropertyValueSpecification\",\"valueRequired\":true,\"valueName\":\"search_term_string\"}}],\"inLanguage\":\"en-US\"},{\"@type\":\"Organization\",\"@id\":\"https:\\\/\\\/www.asmm.fr\\\/en\\\/#organization\",\"name\":\"American School of Modern Music\",\"url\":\"https:\\\/\\\/www.asmm.fr\\\/en\\\/\",\"logo\":{\"@type\":\"ImageObject\",\"inLanguage\":\"en-US\",\"@id\":\"https:\\\/\\\/www.asmm.fr\\\/en\\\/#\\\/schema\\\/logo\\\/image\\\/\",\"url\":\"https:\\\/\\\/www.asmm.fr\\\/wp-content\\\/uploads\\\/2020\\\/09\\\/cropped-Round-asmm-logo-1.png\",\"contentUrl\":\"https:\\\/\\\/www.asmm.fr\\\/wp-content\\\/uploads\\\/2020\\\/09\\\/cropped-Round-asmm-logo-1.png\",\"width\":512,\"height\":512,\"caption\":\"American School of Modern Music\"},\"image\":{\"@id\":\"https:\\\/\\\/www.asmm.fr\\\/en\\\/#\\\/schema\\\/logo\\\/image\\\/\"},\"sameAs\":[\"https:\\\/\\\/www.facebook.com\\\/asmm.fr\\\/\",\"https:\\\/\\\/x.com\\\/AsmmParis\",\"http:\\\/\\\/www.instagram.com\\\/asmmofficial\\\/\",\"https:\\\/\\\/www.youtube.com\\\/channel\\\/UCLhKwvFjBzMHOfjrFW0KCVA\"]}]}<\/script>\n<!-- \/ Yoast SEO plugin. -->","yoast_head_json":{"title":"Stage de Guitare Paris - Stage de Guitare \u00e0 Paris - ASMM","description":"Stage guitare d'\u00e9t\u00e9 organis\u00e9 \u00e0 Paris par l'American School of Modern Music. Le stage sera anim\u00e9 par Guillaume Estace et Anthony Jambon","robots":{"index":"index","follow":"follow","max-snippet":"max-snippet:-1","max-image-preview":"max-image-preview:large","max-video-preview":"max-video-preview:-1"},"canonical":"https:\/\/www.asmm.fr\/en\/guitar-workshop-summer-2024\/","og_locale":"en_US","og_type":"article","og_title":"Stage de Guitare Paris - Stage de Guitare \u00e0 Paris - ASMM","og_description":"Stage guitare d'\u00e9t\u00e9 organis\u00e9 \u00e0 Paris par l'American School of Modern Music. Le stage sera anim\u00e9 par Guillaume Estace et Anthony Jambon","og_url":"https:\/\/www.asmm.fr\/en\/guitar-workshop-summer-2024\/","og_site_name":"American School of Modern Music","article_publisher":"https:\/\/www.facebook.com\/asmm.fr\/","article_modified_time":"2025-12-07T13:52:43+00:00","og_image":[{"url":"https:\/\/www.asmm.fr\/wp-content\/uploads\/2025\/12\/Stage-Guitare-2026-1229x1536.jpg","type":"","width":"","height":""}],"twitter_card":"summary_large_image","twitter_site":"@AsmmParis","twitter_misc":{"Est. reading time":"4 minutes"},"schema":{"@context":"https:\/\/schema.org","@graph":[{"@type":"WebPage","@id":"https:\/\/www.asmm.fr\/en\/guitar-workshop-summer-2024\/","url":"https:\/\/www.asmm.fr\/en\/guitar-workshop-summer-2024\/","name":"Stage de Guitare Paris - Stage de Guitare \u00e0 Paris - ASMM","isPartOf":{"@id":"https:\/\/www.asmm.fr\/en\/#website"},"primaryImageOfPage":{"@id":"https:\/\/www.asmm.fr\/en\/guitar-workshop-summer-2024\/#primaryimage"},"image":{"@id":"https:\/\/www.asmm.fr\/en\/guitar-workshop-summer-2024\/#primaryimage"},"thumbnailUrl":"https:\/\/www.asmm.fr\/wp-content\/uploads\/2025\/12\/Stage-Guitare-2026-1229x1536.jpg","datePublished":"2018-03-15T22:26:50+00:00","dateModified":"2025-12-07T13:52:43+00:00","description":"Stage guitare d'\u00e9t\u00e9 organis\u00e9 \u00e0 Paris par l'American School of Modern Music. Le stage sera anim\u00e9 par Guillaume Estace et Anthony Jambon","breadcrumb":{"@id":"https:\/\/www.asmm.fr\/en\/guitar-workshop-summer-2024\/#breadcrumb"},"inLanguage":"en-US","potentialAction":[{"@type":"ReadAction","target":["https:\/\/www.asmm.fr\/en\/guitar-workshop-summer-2024\/"]}]},{"@type":"ImageObject","inLanguage":"en-US","@id":"https:\/\/www.asmm.fr\/en\/guitar-workshop-summer-2024\/#primaryimage","url":"https:\/\/www.asmm.fr\/wp-content\/uploads\/2025\/12\/Stage-Guitare-2026-1229x1536.jpg","contentUrl":"https:\/\/www.asmm.fr\/wp-content\/uploads\/2025\/12\/Stage-Guitare-2026-1229x1536.jpg"},{"@type":"BreadcrumbList","@id":"https:\/\/www.asmm.fr\/en\/guitar-workshop-summer-2024\/#breadcrumb","itemListElement":[{"@type":"ListItem","position":1,"name":"Accueil","item":"https:\/\/www.asmm.fr\/en\/"},{"@type":"ListItem","position":2,"name":"Guitar Workshop Summer 2026"}]},{"@type":"WebSite","@id":"https:\/\/www.asmm.fr\/en\/#website","url":"https:\/\/www.asmm.fr\/en\/","name":"American School of Modern Music","description":"","publisher":{"@id":"https:\/\/www.asmm.fr\/en\/#organization"},"potentialAction":[{"@type":"SearchAction","target":{"@type":"EntryPoint","urlTemplate":"https:\/\/www.asmm.fr\/en\/?s={search_term_string}"},"query-input":{"@type":"PropertyValueSpecification","valueRequired":true,"valueName":"search_term_string"}}],"inLanguage":"en-US"},{"@type":"Organization","@id":"https:\/\/www.asmm.fr\/en\/#organization","name":"American School of Modern Music","url":"https:\/\/www.asmm.fr\/en\/","logo":{"@type":"ImageObject","inLanguage":"en-US","@id":"https:\/\/www.asmm.fr\/en\/#\/schema\/logo\/image\/","url":"https:\/\/www.asmm.fr\/wp-content\/uploads\/2020\/09\/cropped-Round-asmm-logo-1.png","contentUrl":"https:\/\/www.asmm.fr\/wp-content\/uploads\/2020\/09\/cropped-Round-asmm-logo-1.png","width":512,"height":512,"caption":"American School of Modern Music"},"image":{"@id":"https:\/\/www.asmm.fr\/en\/#\/schema\/logo\/image\/"},"sameAs":["https:\/\/www.facebook.com\/asmm.fr\/","https:\/\/x.com\/AsmmParis","http:\/\/www.instagram.com\/asmmofficial\/","https:\/\/www.youtube.com\/channel\/UCLhKwvFjBzMHOfjrFW0KCVA"]}]}},"_links":{"self":[{"href":"https:\/\/www.asmm.fr\/en\/wp-json\/wp\/v2\/pages\/16635","targetHints":{"allow":["GET"]}}],"collection":[{"href":"https:\/\/www.asmm.fr\/en\/wp-json\/wp\/v2\/pages"}],"about":[{"href":"https:\/\/www.asmm.fr\/en\/wp-json\/wp\/v2\/types\/page"}],"author":[{"embeddable":true,"href":"https:\/\/www.asmm.fr\/en\/wp-json\/wp\/v2\/users\/3"}],"replies":[{"embeddable":true,"href":"https:\/\/www.asmm.fr\/en\/wp-json\/wp\/v2\/comments?post=16635"}],"version-history":[{"count":23,"href":"https:\/\/www.asmm.fr\/en\/wp-json\/wp\/v2\/pages\/16635\/revisions"}],"predecessor-version":[{"id":17784,"href":"https:\/\/www.asmm.fr\/en\/wp-json\/wp\/v2\/pages\/16635\/revisions\/17784"}],"wp:attachment":[{"href":"https:\/\/www.asmm.fr\/en\/wp-json\/wp\/v2\/media?parent=16635"}],"curies":[{"name":"wp","href":"https:\/\/api.w.org\/{rel}","templated":true}]}}