{"id":16826,"date":"2024-09-11T17:55:01","date_gmt":"2024-09-11T15:55:01","guid":{"rendered":"https:\/\/www.asmm.fr\/legal\/"},"modified":"2025-01-16T18:55:14","modified_gmt":"2025-01-16T17:55:14","slug":"legal","status":"publish","type":"page","link":"https:\/\/www.asmm.fr\/en\/legal\/","title":{"rendered":"Legal"},"content":{"rendered":"\t\t<div data-elementor-type=\"wp-page\" data-elementor-id=\"16826\" class=\"elementor elementor-16826 elementor-14342\" data-elementor-post-type=\"page\">\n\t\t\t\t<div class=\"elementor-element elementor-element-8825c26 e-flex e-con-boxed e-con e-parent\" data-id=\"8825c26\" data-element_type=\"container\" data-e-type=\"container\">\n\t\t\t\t\t<div class=\"e-con-inner\">\n\t\t\t\t<div class=\"elementor-element elementor-element-7b01f78 elementor-widget elementor-widget-heading\" data-id=\"7b01f78\" data-element_type=\"widget\" data-e-type=\"widget\" data-widget_type=\"heading.default\">\n\t\t\t\t<div class=\"elementor-widget-container\">\n\t\t\t\t\t<h2 class=\"elementor-heading-title elementor-size-default\">Legal Notice - <span class=\"fin\">American School of Modern Music<\/span><\/h2>\t\t\t\t<\/div>\n\t\t\t\t<\/div>\n\t\t\t\t\t<\/div>\n\t\t\t\t<\/div>\n\t\t<div class=\"elementor-element elementor-element-16e5120 e-flex e-con-boxed e-con e-parent\" data-id=\"16e5120\" data-element_type=\"container\" data-e-type=\"container\">\n\t\t\t\t\t<div class=\"e-con-inner\">\n\t\t\t\t<div class=\"elementor-element elementor-element-95c7e7d elementor-widget elementor-widget-text-editor\" data-id=\"95c7e7d\" data-element_type=\"widget\" data-e-type=\"widget\" data-widget_type=\"text-editor.default\">\n\t\t\t\t<div class=\"elementor-widget-container\">\n\t\t\t\t\t\t\t\t\t<p><strong>NASMM New American School of Modern Music<br \/><\/strong>Association d\u00e9clar\u00e9e<\/p>\n<p><strong>Pr\u00e9sident :<\/strong> Jacques Estace<br \/><strong>Tr\u00e9sorier :<\/strong> Patrick Fontaine<\/p>\n<p><strong>Si\u00e8ge Social : <\/strong>117 rue de la Croix Nivert, 75015 Paris<\/p>\n<p><strong>T\u00e9l\u00e9phone :<\/strong> 01 71 06 34 58<\/p>\n<p><b>Identifiant association<\/b> :\u00a0W751234131\u00a0<br \/><b>SIREN<\/b> : 822 290 904<br \/><b>SIRET<\/b> : 822 290 904 00025<br \/><span style=\"text-align: var(--text-align);\"><b>Code NAF<\/b> :\u00a0<\/span><span style=\"text-align: var(--text-align);\">85.52Z (Enseignement culturel)<\/span><\/p>\n<p><strong>Directeurs de publication :<\/strong>\u00a0Guillaume Estace et Thomas Billon<\/p>\n<p><strong>H\u00e9bergement<\/strong>\u00a0:<br \/>Ce site est h\u00e9berg\u00e9 par la soci\u00e9t\u00e9 OVH www.ovh.com<\/p>\n<h2>Gestion des donn\u00e9es personnelles<\/h2>\n<p>Les donn\u00e9es personnelles collect\u00e9es sur ce site sont exploit\u00e9es uniquement dans le cadre d&#8217;une \u00e9ventuelle relation commerciale.<br \/>Vos donn\u00e9es personnelles ne sont transmises \u00e0 aucun tiers.<br \/>Vous avez un droit de consultation, de modification et de suppression de vos donn\u00e9es personnelles, pour exercer vos droits, veuillez nous contacter par t\u00e9l\u00e9phone au <a href=\"tel:+33171063458\">01 71 06 34 58<\/a> ou par courrier \u00e0 l&#8217;adresse suivante :<\/p>\n<ul>\n<li><em>117 rue de la Croix Nivert<\/em><br \/><em>75015 Paris<\/em><\/li>\n<\/ul>\n\t\t\t\t\t\t\t\t<\/div>\n\t\t\t\t<\/div>\n\t\t\t\t\t<\/div>\n\t\t\t\t<\/div>\n\t\t\t\t<\/div>\n\t\t","protected":false},"excerpt":{"rendered":"<p>Legal Notice &#8211; American School of Modern Music NASMM New American School of Modern MusicAssociation d\u00e9clar\u00e9e Pr\u00e9sident : Jacques EstaceTr\u00e9sorier : Patrick Fontaine Si\u00e8ge Social : 117 rue de la Croix Nivert, 75015 Paris T\u00e9l\u00e9phone : 01 71 06 34 58 Identifiant association :\u00a0W751234131\u00a0SIREN : 822 290 904SIRET : 822 290 904 00025Code NAF :\u00a085.52Z [&hellip;]<\/p>\n","protected":false},"author":1,"featured_media":0,"parent":0,"menu_order":80,"comment_status":"closed","ping_status":"closed","template":"","meta":{"_acf_changed":false,"footnotes":""},"class_list":["post-16826","page","type-page","status-publish","hentry"],"acf":[],"yoast_head":"<!-- This site is optimized with the Yoast SEO plugin v27.5 - https:\/\/yoast.com\/product\/yoast-seo-wordpress\/ -->\n<title>Legal | American School of Modern Music in Paris<\/title>\n<meta name=\"robots\" content=\"index, follow, max-snippet:-1, max-image-preview:large, max-video-preview:-1\" \/>\n<link rel=\"canonical\" href=\"https:\/\/www.asmm.fr\/en\/legal\/\" \/>\n<meta property=\"og:locale\" content=\"en_US\" \/>\n<meta property=\"og:type\" content=\"article\" \/>\n<meta property=\"og:title\" content=\"Legal | American School of Modern Music in Paris\" \/>\n<meta property=\"og:description\" content=\"Legal Notice &#8211; American School of Modern Music NASMM New American School of Modern MusicAssociation d\u00e9clar\u00e9e Pr\u00e9sident : Jacques EstaceTr\u00e9sorier : Patrick Fontaine Si\u00e8ge Social : 117 rue de la Croix Nivert, 75015 Paris T\u00e9l\u00e9phone : 01 71 06 34 58 Identifiant association :\u00a0W751234131\u00a0SIREN : 822 290 904SIRET : 822 290 904 00025Code NAF :\u00a085.52Z [&hellip;]\" \/>\n<meta property=\"og:url\" content=\"https:\/\/www.asmm.fr\/en\/legal\/\" \/>\n<meta property=\"og:site_name\" content=\"American School of Modern Music\" \/>\n<meta property=\"article:publisher\" content=\"https:\/\/www.facebook.com\/asmm.fr\/\" \/>\n<meta property=\"article:modified_time\" content=\"2025-01-16T17:55:14+00:00\" \/>\n<meta property=\"og:image\" content=\"https:\/\/www.asmm.fr\/wp-content\/uploads\/2025\/01\/logo-og.png\" \/>\n\t<meta property=\"og:image:width\" content=\"1200\" \/>\n\t<meta property=\"og:image:height\" content=\"630\" \/>\n\t<meta property=\"og:image:type\" content=\"image\/png\" \/>\n<meta name=\"twitter:card\" content=\"summary_large_image\" \/>\n<meta name=\"twitter:site\" content=\"@AsmmParis\" \/>\n<meta name=\"twitter:label1\" content=\"Est. reading time\" \/>\n\t<meta name=\"twitter:data1\" content=\"1 minute\" \/>\n<script type=\"application\/ld+json\" class=\"yoast-schema-graph\">{\"@context\":\"https:\\\/\\\/schema.org\",\"@graph\":[{\"@type\":\"WebPage\",\"@id\":\"https:\\\/\\\/www.asmm.fr\\\/en\\\/legal\\\/\",\"url\":\"https:\\\/\\\/www.asmm.fr\\\/en\\\/legal\\\/\",\"name\":\"Legal | American School of Modern Music in Paris\",\"isPartOf\":{\"@id\":\"https:\\\/\\\/www.asmm.fr\\\/en\\\/#website\"},\"datePublished\":\"2024-09-11T15:55:01+00:00\",\"dateModified\":\"2025-01-16T17:55:14+00:00\",\"breadcrumb\":{\"@id\":\"https:\\\/\\\/www.asmm.fr\\\/en\\\/legal\\\/#breadcrumb\"},\"inLanguage\":\"en-US\",\"potentialAction\":[{\"@type\":\"ReadAction\",\"target\":[\"https:\\\/\\\/www.asmm.fr\\\/en\\\/legal\\\/\"]}]},{\"@type\":\"BreadcrumbList\",\"@id\":\"https:\\\/\\\/www.asmm.fr\\\/en\\\/legal\\\/#breadcrumb\",\"itemListElement\":[{\"@type\":\"ListItem\",\"position\":1,\"name\":\"Accueil\",\"item\":\"https:\\\/\\\/www.asmm.fr\\\/en\\\/\"},{\"@type\":\"ListItem\",\"position\":2,\"name\":\"Legal\"}]},{\"@type\":\"WebSite\",\"@id\":\"https:\\\/\\\/www.asmm.fr\\\/en\\\/#website\",\"url\":\"https:\\\/\\\/www.asmm.fr\\\/en\\\/\",\"name\":\"American School of Modern Music\",\"description\":\"\",\"publisher\":{\"@id\":\"https:\\\/\\\/www.asmm.fr\\\/en\\\/#organization\"},\"potentialAction\":[{\"@type\":\"SearchAction\",\"target\":{\"@type\":\"EntryPoint\",\"urlTemplate\":\"https:\\\/\\\/www.asmm.fr\\\/en\\\/?s={search_term_string}\"},\"query-input\":{\"@type\":\"PropertyValueSpecification\",\"valueRequired\":true,\"valueName\":\"search_term_string\"}}],\"inLanguage\":\"en-US\"},{\"@type\":\"Organization\",\"@id\":\"https:\\\/\\\/www.asmm.fr\\\/en\\\/#organization\",\"name\":\"American School of Modern Music\",\"url\":\"https:\\\/\\\/www.asmm.fr\\\/en\\\/\",\"logo\":{\"@type\":\"ImageObject\",\"inLanguage\":\"en-US\",\"@id\":\"https:\\\/\\\/www.asmm.fr\\\/en\\\/#\\\/schema\\\/logo\\\/image\\\/\",\"url\":\"https:\\\/\\\/www.asmm.fr\\\/wp-content\\\/uploads\\\/2020\\\/09\\\/cropped-Round-asmm-logo-1.png\",\"contentUrl\":\"https:\\\/\\\/www.asmm.fr\\\/wp-content\\\/uploads\\\/2020\\\/09\\\/cropped-Round-asmm-logo-1.png\",\"width\":512,\"height\":512,\"caption\":\"American School of Modern Music\"},\"image\":{\"@id\":\"https:\\\/\\\/www.asmm.fr\\\/en\\\/#\\\/schema\\\/logo\\\/image\\\/\"},\"sameAs\":[\"https:\\\/\\\/www.facebook.com\\\/asmm.fr\\\/\",\"https:\\\/\\\/x.com\\\/AsmmParis\",\"http:\\\/\\\/www.instagram.com\\\/asmmofficial\\\/\",\"https:\\\/\\\/www.youtube.com\\\/channel\\\/UCLhKwvFjBzMHOfjrFW0KCVA\"]}]}<\/script>\n<!-- \/ Yoast SEO plugin. -->","yoast_head_json":{"title":"Legal | American School of Modern Music in Paris","robots":{"index":"index","follow":"follow","max-snippet":"max-snippet:-1","max-image-preview":"max-image-preview:large","max-video-preview":"max-video-preview:-1"},"canonical":"https:\/\/www.asmm.fr\/en\/legal\/","og_locale":"en_US","og_type":"article","og_title":"Legal | American School of Modern Music in Paris","og_description":"Legal Notice &#8211; American School of Modern Music NASMM New American School of Modern MusicAssociation d\u00e9clar\u00e9e Pr\u00e9sident : Jacques EstaceTr\u00e9sorier : Patrick Fontaine Si\u00e8ge Social : 117 rue de la Croix Nivert, 75015 Paris T\u00e9l\u00e9phone : 01 71 06 34 58 Identifiant association :\u00a0W751234131\u00a0SIREN : 822 290 904SIRET : 822 290 904 00025Code NAF :\u00a085.52Z [&hellip;]","og_url":"https:\/\/www.asmm.fr\/en\/legal\/","og_site_name":"American School of Modern Music","article_publisher":"https:\/\/www.facebook.com\/asmm.fr\/","article_modified_time":"2025-01-16T17:55:14+00:00","og_image":[{"width":1200,"height":630,"url":"https:\/\/www.asmm.fr\/wp-content\/uploads\/2025\/01\/logo-og.png","type":"image\/png"}],"twitter_card":"summary_large_image","twitter_site":"@AsmmParis","twitter_misc":{"Est. reading time":"1 minute"},"schema":{"@context":"https:\/\/schema.org","@graph":[{"@type":"WebPage","@id":"https:\/\/www.asmm.fr\/en\/legal\/","url":"https:\/\/www.asmm.fr\/en\/legal\/","name":"Legal | American School of Modern Music in Paris","isPartOf":{"@id":"https:\/\/www.asmm.fr\/en\/#website"},"datePublished":"2024-09-11T15:55:01+00:00","dateModified":"2025-01-16T17:55:14+00:00","breadcrumb":{"@id":"https:\/\/www.asmm.fr\/en\/legal\/#breadcrumb"},"inLanguage":"en-US","potentialAction":[{"@type":"ReadAction","target":["https:\/\/www.asmm.fr\/en\/legal\/"]}]},{"@type":"BreadcrumbList","@id":"https:\/\/www.asmm.fr\/en\/legal\/#breadcrumb","itemListElement":[{"@type":"ListItem","position":1,"name":"Accueil","item":"https:\/\/www.asmm.fr\/en\/"},{"@type":"ListItem","position":2,"name":"Legal"}]},{"@type":"WebSite","@id":"https:\/\/www.asmm.fr\/en\/#website","url":"https:\/\/www.asmm.fr\/en\/","name":"American School of Modern Music","description":"","publisher":{"@id":"https:\/\/www.asmm.fr\/en\/#organization"},"potentialAction":[{"@type":"SearchAction","target":{"@type":"EntryPoint","urlTemplate":"https:\/\/www.asmm.fr\/en\/?s={search_term_string}"},"query-input":{"@type":"PropertyValueSpecification","valueRequired":true,"valueName":"search_term_string"}}],"inLanguage":"en-US"},{"@type":"Organization","@id":"https:\/\/www.asmm.fr\/en\/#organization","name":"American School of Modern Music","url":"https:\/\/www.asmm.fr\/en\/","logo":{"@type":"ImageObject","inLanguage":"en-US","@id":"https:\/\/www.asmm.fr\/en\/#\/schema\/logo\/image\/","url":"https:\/\/www.asmm.fr\/wp-content\/uploads\/2020\/09\/cropped-Round-asmm-logo-1.png","contentUrl":"https:\/\/www.asmm.fr\/wp-content\/uploads\/2020\/09\/cropped-Round-asmm-logo-1.png","width":512,"height":512,"caption":"American School of Modern Music"},"image":{"@id":"https:\/\/www.asmm.fr\/en\/#\/schema\/logo\/image\/"},"sameAs":["https:\/\/www.facebook.com\/asmm.fr\/","https:\/\/x.com\/AsmmParis","http:\/\/www.instagram.com\/asmmofficial\/","https:\/\/www.youtube.com\/channel\/UCLhKwvFjBzMHOfjrFW0KCVA"]}]}},"_links":{"self":[{"href":"https:\/\/www.asmm.fr\/en\/wp-json\/wp\/v2\/pages\/16826","targetHints":{"allow":["GET"]}}],"collection":[{"href":"https:\/\/www.asmm.fr\/en\/wp-json\/wp\/v2\/pages"}],"about":[{"href":"https:\/\/www.asmm.fr\/en\/wp-json\/wp\/v2\/types\/page"}],"author":[{"embeddable":true,"href":"https:\/\/www.asmm.fr\/en\/wp-json\/wp\/v2\/users\/1"}],"replies":[{"embeddable":true,"href":"https:\/\/www.asmm.fr\/en\/wp-json\/wp\/v2\/comments?post=16826"}],"version-history":[{"count":1,"href":"https:\/\/www.asmm.fr\/en\/wp-json\/wp\/v2\/pages\/16826\/revisions"}],"predecessor-version":[{"id":16827,"href":"https:\/\/www.asmm.fr\/en\/wp-json\/wp\/v2\/pages\/16826\/revisions\/16827"}],"wp:attachment":[{"href":"https:\/\/www.asmm.fr\/en\/wp-json\/wp\/v2\/media?parent=16826"}],"curies":[{"name":"wp","href":"https:\/\/api.w.org\/{rel}","templated":true}]}}